{"id":348,"date":"2016-10-18T21:47:39","date_gmt":"2016-10-18T19:47:39","guid":{"rendered":"http:\/\/www.photoak.at\/?page_id=348"},"modified":"2019-10-24T20:46:51","modified_gmt":"2019-10-24T18:46:51","slug":"ueber-mich","status":"publish","type":"page","link":"https:\/\/www.photoak.at\/?page_id=348","title":{"rendered":"\u00dcber mich"},"content":{"rendered":"<div id=\"pl-348\"  class=\"panel-layout\" ><div id=\"pg-348-0\"  class=\"panel-grid panel-no-style\" ><div id=\"pgc-348-0-0\"  class=\"panel-grid-cell panel-grid-cell-empty\" ><\/div><div id=\"pgc-348-0-1\"  class=\"panel-grid-cell panel-grid-cell-empty\" ><\/div><div id=\"pgc-348-0-2\"  class=\"panel-grid-cell panel-grid-cell-empty panel-grid-cell-mobile-last\" ><\/div><div id=\"pgc-348-0-3\"  class=\"panel-grid-cell panel-grid-cell-empty\" ><\/div><\/div><div id=\"pg-348-1\"  class=\"panel-grid panel-no-style\" ><div id=\"pgc-348-1-0\"  class=\"panel-grid-cell panel-grid-cell-empty\" ><\/div><div id=\"pgc-348-1-1\"  class=\"panel-grid-cell\" ><div id=\"panel-348-1-1-0\" class=\"so-panel widget_text panel-first-child panel-last-child\" data-index=\"0\" >\t\t\t<div class=\"textwidget\"><p>Urspr\u00fcnglich aus Konya, bin ich 1993 in Ankara auf die Welt gekommen. Ein Teil meiner Kindheit verbrachte ich in der T\u00fcrkei und seit 2000 wohne ich in Wien. Hier habe ich auch meine Volksschule, Mittelschule und Berufsschule erlangt. <\/p>\n<p>2010 habe ich angefangen, Neugierde f\u00fcr die Fotografie zu entwickeln und den Fotok\u00fcnstlern, sowie globalen Entwicklungen zu folgen. Ich habe diverse Themen \u00fcber Fotografie in vielen Foren n\u00e4her betrachtet. <\/p>\n<p>Gegen Ende 2011 habe ich mir eine Kamera zugelegt und somit meine Fotografiekarriere angefangen. <\/p>\n<p>Anfangs habe ich in meinem Freundeskreis mit kleinen Auftr\u00e4gen ge\u00fcbt und mich so weiterentwickelt.. <\/p>\n<p>Am 14. Februar 2014 habe ich meine professionelle Bildung erfolgreich beendet und mein Zertifikat erhalten. <\/p>\n<p>Mein h\u00f6chstes Ziel w\u00e4hrend meines ganzes Arbeitsleben ist die Zufriedenheit meiner Kunden, die ich fotografiere. <\/p>\n<p>Bei den Fotoshootings achte ich besonders auf die Sensibilit\u00e4t der Partner. <\/p>\n<p>Photo AK<\/p>\n<\/div>\n\t\t<\/div><\/div><div id=\"pgc-348-1-2\"  class=\"panel-grid-cell panel-grid-cell-mobile-last\" ><div id=\"panel-348-1-2-0\" class=\"so-panel widget_sow-image panel-first-child panel-last-child\" data-index=\"1\" ><div class=\"so-widget-sow-image so-widget-sow-image-default-d6014b76747a-348\">\n\n<div class=\"sow-image-container\">\n\t\t<img decoding=\"async\" src=\"https:\/\/www.photoak.at\/wp-content\/uploads\/2019\/10\/Photo-AK-Ahmet-K\u00fcc\u00fck.jpg\" width=\"840\" height=\"840\" srcset=\"https:\/\/www.photoak.at\/wp-content\/uploads\/2019\/10\/Photo-AK-Ahmet-K\u00fcc\u00fck.jpg 960w, https:\/\/www.photoak.at\/wp-content\/uploads\/2019\/10\/Photo-AK-Ahmet-K\u00fcc\u00fck-150x150.jpg 150w, https:\/\/www.photoak.at\/wp-content\/uploads\/2019\/10\/Photo-AK-Ahmet-K\u00fcc\u00fck-300x300.jpg 300w, https:\/\/www.photoak.at\/wp-content\/uploads\/2019\/10\/Photo-AK-Ahmet-K\u00fcc\u00fck-768x768.jpg 768w\" sizes=\"auto, (max-width: 709px) 85vw, (max-width: 909px) 67vw, (max-width: 1362px) 62vw, 840px\" title=\"Photo AK Ahmet K\u00fcc\u00fck\" alt=\"\" loading=\"lazy\" \t\tclass=\"so-widget-image\"\/>\n\t<\/div>\n\n<\/div><\/div><\/div><div id=\"pgc-348-1-3\"  class=\"panel-grid-cell panel-grid-cell-empty\" ><\/div><\/div><\/div>","protected":false},"excerpt":{"rendered":"<p>Urspr\u00fcnglich aus Konya, bin ich 1993 in Ankara auf die Welt gekommen. Ein Teil meiner Kindheit verbrachte ich in der T\u00fcrkei und seit 2000 wohne ich in Wien. Hier habe ich auch meine Volksschule, Mittelschule und Berufsschule erlangt. 2010 habe ich angefangen, Neugierde f\u00fcr die Fotografie zu entwickeln und den Fotok\u00fcnstlern, sowie globalen Entwicklungen zu &hellip; <a href=\"https:\/\/www.photoak.at\/?page_id=348\" class=\"more-link\">Okumaya devam et<span class=\"screen-reader-text\"> &#8220;\u00dcber mich&#8221;<\/span><\/a><\/p>\n","protected":false},"author":1,"featured_media":0,"parent":0,"menu_order":0,"comment_status":"closed","ping_status":"closed","template":"","meta":{"_mi_skip_tracking":false,"footnotes":""},"class_list":["post-348","page","type-page","status-publish","hentry"],"_links":{"self":[{"href":"https:\/\/www.photoak.at\/index.php?rest_route=\/wp\/v2\/pages\/348","targetHints":{"allow":["GET"]}}],"collection":[{"href":"https:\/\/www.photoak.at\/index.php?rest_route=\/wp\/v2\/pages"}],"about":[{"href":"https:\/\/www.photoak.at\/index.php?rest_route=\/wp\/v2\/types\/page"}],"author":[{"embeddable":true,"href":"https:\/\/www.photoak.at\/index.php?rest_route=\/wp\/v2\/users\/1"}],"replies":[{"embeddable":true,"href":"https:\/\/www.photoak.at\/index.php?rest_route=%2Fwp%2Fv2%2Fcomments&post=348"}],"version-history":[{"count":5,"href":"https:\/\/www.photoak.at\/index.php?rest_route=\/wp\/v2\/pages\/348\/revisions"}],"predecessor-version":[{"id":854,"href":"https:\/\/www.photoak.at\/index.php?rest_route=\/wp\/v2\/pages\/348\/revisions\/854"}],"wp:attachment":[{"href":"https:\/\/www.photoak.at\/index.php?rest_route=%2Fwp%2Fv2%2Fmedia&parent=348"}],"curies":[{"name":"wp","href":"https:\/\/api.w.org\/{rel}","templated":true}]}}